{"id":8944,"date":"2024-12-03T12:04:00","date_gmt":"2024-12-03T17:04:00","guid":{"rendered":"https:\/\/sanmartinhotel.com\/politica-de-privacidad\/"},"modified":"2025-02-13T10:12:09","modified_gmt":"2025-02-13T15:12:09","slug":"politica-de-privacidad","status":"publish","type":"page","link":"https:\/\/sanmartinhotel.com\/es\/politica-de-privacidad\/","title":{"rendered":"Pol\u00edtica de privacidad"},"content":{"rendered":"\t\t<div data-elementor-type=\"wp-page\" data-elementor-id=\"8944\" class=\"elementor elementor-8944 elementor-3\" data-elementor-post-type=\"page\">\n\t\t\t\t<div class=\"elementor-element elementor-element-2e1ab30 e-flex e-con-boxed e-con e-parent\" data-id=\"2e1ab30\" data-element_type=\"container\">\n\t\t\t\t\t<div class=\"e-con-inner\">\n\t\t\t\t<div class=\"elementor-element elementor-element-b9620f2 elementor-widget elementor-widget-text-editor\" data-id=\"b9620f2\" data-element_type=\"widget\" data-widget_type=\"text-editor.default\">\n\t\t\t\t<div class=\"elementor-widget-container\">\n\t\t\t\t\t\t\t\t\t<p><strong>Apart Hotel San Martin<\/strong> opera el sitio web Nombre del sitio web, que proporciona el SERVICIO.<br>Esta p\u00e1gina se utiliza para informar a los visitantes del sitio web sobre nuestras pol\u00edticas con respecto a la recopilaci\u00f3n, uso y divulgaci\u00f3n de Informaci\u00f3n Personal si alguien decidiera utilizar nuestro Servicio, el sitio web Nombre del sitio web.<br>Si decides utilizar nuestro Servicio, entonces aceptas la recopilaci\u00f3n y uso de informaci\u00f3n en relaci\u00f3n con esta pol\u00edtica. La Informaci\u00f3n Personal que recopilamos se utiliza para proporcionar y mejorar el Servicio. No utilizaremos ni compartiremos tu informaci\u00f3n con nadie excepto en los casos descritos en esta Pol\u00edtica de Privacidad.<br>Los t\u00e9rminos utilizados en esta Pol\u00edtica de Privacidad tienen el mismo significado que en nuestros T\u00e9rminos y Condiciones, a los que se puede acceder en Website <a href=\"http:\/\/sanmartinhotel.com\">sanmartinhotel.com<\/a>, a menos que se definan de otro modo en esta Pol\u00edtica de Privacidad.<\/p>\t\t\t\t\t\t\t\t<\/div>\n\t\t\t\t<\/div>\n\t\t\t\t\t<\/div>\n\t\t\t\t<\/div>\n\t\t<div class=\"elementor-element elementor-element-b3a4be0 e-flex e-con-boxed e-con e-parent\" data-id=\"b3a4be0\" data-element_type=\"container\">\n\t\t\t\t\t<div class=\"e-con-inner\">\n\t\t\t\t<div class=\"elementor-element elementor-element-6846cba elementor-widget elementor-widget-heading\" data-id=\"6846cba\" data-element_type=\"widget\" data-widget_type=\"heading.default\">\n\t\t\t\t<div class=\"elementor-widget-container\">\n\t\t\t\t\t<h2 class=\"elementor-heading-title elementor-size-default\">Recogida y uso de la informaci\u00f3n<\/h2>\t\t\t\t<\/div>\n\t\t\t\t<\/div>\n\t\t\t\t<div class=\"elementor-element elementor-element-8cb152a elementor-widget elementor-widget-text-editor\" data-id=\"8cb152a\" data-element_type=\"widget\" data-widget_type=\"text-editor.default\">\n\t\t\t\t<div class=\"elementor-widget-container\">\n\t\t\t\t\t\t\t\t\t<p>Para una mejor experiencia mientras utilizas nuestro Servicio, podemos pedirte que nos proporciones cierta informaci\u00f3n personal identificable, incluyendo pero no limit\u00e1ndose a tu nombre, n\u00famero de tel\u00e9fono y direcci\u00f3n postal. La informaci\u00f3n que recopilemos se utilizar\u00e1 para ponernos en contacto contigo o identificarte.<\/p>\t\t\t\t\t\t\t\t<\/div>\n\t\t\t\t<\/div>\n\t\t\t\t\t<\/div>\n\t\t\t\t<\/div>\n\t\t<div class=\"elementor-element elementor-element-862edb6 e-flex e-con-boxed e-con e-parent\" data-id=\"862edb6\" data-element_type=\"container\">\n\t\t\t\t\t<div class=\"e-con-inner\">\n\t\t\t\t<div class=\"elementor-element elementor-element-fa26f98 elementor-widget elementor-widget-heading\" data-id=\"fa26f98\" data-element_type=\"widget\" data-widget_type=\"heading.default\">\n\t\t\t\t<div class=\"elementor-widget-container\">\n\t\t\t\t\t<h2 class=\"elementor-heading-title elementor-size-default\">Datos de registro\n<\/h2>\t\t\t\t<\/div>\n\t\t\t\t<\/div>\n\t\t\t\t<div class=\"elementor-element elementor-element-4d02986 elementor-widget elementor-widget-text-editor\" data-id=\"4d02986\" data-element_type=\"widget\" data-widget_type=\"text-editor.default\">\n\t\t\t\t<div class=\"elementor-widget-container\">\n\t\t\t\t\t\t\t\t\t<p>Queremos informarte de que siempre que visitas nuestro Servicio, recogemos informaci\u00f3n que tu navegador nos env\u00eda y que se denomina Datos de Registro. Estos Datos de Registro pueden incluir informaci\u00f3n como la direcci\u00f3n de Protocolo de Internet (\u00abIP\u00bb) de tu ordenador, la versi\u00f3n del navegador, las p\u00e1ginas de nuestro Servicio que visitas, la hora y la fecha de tu visita, el tiempo que pasas en esas p\u00e1ginas y otras estad\u00edsticas. <\/p>\t\t\t\t\t\t\t\t<\/div>\n\t\t\t\t<\/div>\n\t\t\t\t\t<\/div>\n\t\t\t\t<\/div>\n\t\t<div class=\"elementor-element elementor-element-609ebe0 e-flex e-con-boxed e-con e-parent\" data-id=\"609ebe0\" data-element_type=\"container\">\n\t\t\t\t\t<div class=\"e-con-inner\">\n\t\t\t\t<div class=\"elementor-element elementor-element-b87d044 elementor-widget elementor-widget-heading\" data-id=\"b87d044\" data-element_type=\"widget\" data-widget_type=\"heading.default\">\n\t\t\t\t<div class=\"elementor-widget-container\">\n\t\t\t\t\t<h2 class=\"elementor-heading-title elementor-size-default\">Cookies\n<\/h2>\t\t\t\t<\/div>\n\t\t\t\t<\/div>\n\t\t\t\t<div class=\"elementor-element elementor-element-402cc93 elementor-widget elementor-widget-text-editor\" data-id=\"402cc93\" data-element_type=\"widget\" data-widget_type=\"text-editor.default\">\n\t\t\t\t<div class=\"elementor-widget-container\">\n\t\t\t\t\t\t\t\t\t<p>Las cookies son archivos con una peque\u00f1a cantidad de datos que se utilizan habitualmente como identificador \u00fanico an\u00f3nimo. Se env\u00edan a tu navegador desde el sitio web que visitas y se almacenan en el disco duro de tu ordenador.<br>Nuestro sitio web utiliza estas \u00abcookies\u00bb para recopilar informaci\u00f3n y mejorar nuestro Servicio. Tienes la opci\u00f3n de aceptar o rechazar estas cookies, y saber cu\u00e1ndo se env\u00eda una cookie a tu ordenador. Si decides rechazar nuestras cookies, es posible que no puedas utilizar algunas partes de nuestro Servicio.   <\/p>\t\t\t\t\t\t\t\t<\/div>\n\t\t\t\t<\/div>\n\t\t\t\t\t<\/div>\n\t\t\t\t<\/div>\n\t\t<div class=\"elementor-element elementor-element-40bd052 e-flex e-con-boxed e-con e-parent\" data-id=\"40bd052\" data-element_type=\"container\">\n\t\t\t\t\t<div class=\"e-con-inner\">\n\t\t\t\t<div class=\"elementor-element elementor-element-af36785 elementor-widget elementor-widget-heading\" data-id=\"af36785\" data-element_type=\"widget\" data-widget_type=\"heading.default\">\n\t\t\t\t<div class=\"elementor-widget-container\">\n\t\t\t\t\t<h2 class=\"elementor-heading-title elementor-size-default\">Proveedores de servicios<\/h2>\t\t\t\t<\/div>\n\t\t\t\t<\/div>\n\t\t\t\t<div class=\"elementor-element elementor-element-e8aed20 elementor-widget elementor-widget-text-editor\" data-id=\"e8aed20\" data-element_type=\"widget\" data-widget_type=\"text-editor.default\">\n\t\t\t\t<div class=\"elementor-widget-container\">\n\t\t\t\t\t\t\t\t\t<p>Podemos contratar a terceras empresas y personas por los siguientes motivos:<\/p><ul><li>Para facilitar nuestro Servicio;<\/li><li>Para prestar el Servicio en nuestro nombre;<\/li><li>Para realizar servicios relacionados con el Servicio; o<\/li><li>Para ayudarnos a analizar c\u00f3mo se utiliza nuestro Servicio.<\/li><\/ul><p>Queremos informar a los usuarios de nuestro Servicio de que estos terceros tienen acceso a tus Datos Personales. El motivo es realizar las tareas que se les asignan en nuestro nombre. Sin embargo, est\u00e1n obligados a no divulgar ni utilizar la informaci\u00f3n para ning\u00fan otro fin.<\/p>\t\t\t\t\t\t\t\t<\/div>\n\t\t\t\t<\/div>\n\t\t\t\t\t<\/div>\n\t\t\t\t<\/div>\n\t\t<div class=\"elementor-element elementor-element-663696a e-flex e-con-boxed e-con e-parent\" data-id=\"663696a\" data-element_type=\"container\">\n\t\t\t\t\t<div class=\"e-con-inner\">\n\t\t\t\t<div class=\"elementor-element elementor-element-7cbc238 elementor-widget elementor-widget-heading\" data-id=\"7cbc238\" data-element_type=\"widget\" data-widget_type=\"heading.default\">\n\t\t\t\t<div class=\"elementor-widget-container\">\n\t\t\t\t\t<h2 class=\"elementor-heading-title elementor-size-default\">Seguridad<\/h2>\t\t\t\t<\/div>\n\t\t\t\t<\/div>\n\t\t\t\t<div class=\"elementor-element elementor-element-2156967 elementor-widget elementor-widget-text-editor\" data-id=\"2156967\" data-element_type=\"widget\" data-widget_type=\"text-editor.default\">\n\t\t\t\t<div class=\"elementor-widget-container\">\n\t\t\t\t\t\t\t\t\t<p>Valoramos tu confianza al proporcionarnos tus Datos Personales, por lo que nos esforzamos por utilizar medios comercialmente aceptables para protegerlos. Pero recuerda que ning\u00fan m\u00e9todo de transmisi\u00f3n por Internet, o m\u00e9todo de almacenamiento electr\u00f3nico es 100% seguro y fiable, y no podemos garantizar su absoluta seguridad.<\/p>\t\t\t\t\t\t\t\t<\/div>\n\t\t\t\t<\/div>\n\t\t\t\t\t<\/div>\n\t\t\t\t<\/div>\n\t\t<div class=\"elementor-element elementor-element-e243280 e-flex e-con-boxed e-con e-parent\" data-id=\"e243280\" data-element_type=\"container\">\n\t\t\t\t\t<div class=\"e-con-inner\">\n\t\t\t\t<div class=\"elementor-element elementor-element-a0c7390 elementor-widget elementor-widget-heading\" data-id=\"a0c7390\" data-element_type=\"widget\" data-widget_type=\"heading.default\">\n\t\t\t\t<div class=\"elementor-widget-container\">\n\t\t\t\t\t<h2 class=\"elementor-heading-title elementor-size-default\">Enlaces a otros sitios\n<\/h2>\t\t\t\t<\/div>\n\t\t\t\t<\/div>\n\t\t\t\t<div class=\"elementor-element elementor-element-bc8d43f elementor-widget elementor-widget-text-editor\" data-id=\"bc8d43f\" data-element_type=\"widget\" data-widget_type=\"text-editor.default\">\n\t\t\t\t<div class=\"elementor-widget-container\">\n\t\t\t\t\t\t\t\t\t<p>Nuestro Servicio puede contener enlaces a otros sitios. Si haces clic en un enlace de terceros, ser\u00e1s dirigido a ese sitio. Ten en cuenta que estos sitios externos no est\u00e1n gestionados por nosotros. Por lo tanto, te aconsejamos encarecidamente que revises la Pol\u00edtica de Privacidad de estos sitios web. No tenemos ning\u00fan control ni asumimos ninguna responsabilidad por el contenido, las pol\u00edticas de privacidad o las pr\u00e1cticas de los sitios o servicios de terceros.<\/p>\t\t\t\t\t\t\t\t<\/div>\n\t\t\t\t<\/div>\n\t\t\t\t\t<\/div>\n\t\t\t\t<\/div>\n\t\t<div class=\"elementor-element elementor-element-91fabe9 e-flex e-con-boxed e-con e-parent\" data-id=\"91fabe9\" data-element_type=\"container\">\n\t\t\t\t\t<div class=\"e-con-inner\">\n\t\t\t\t<div class=\"elementor-element elementor-element-ee234c3 elementor-widget elementor-widget-heading\" data-id=\"ee234c3\" data-element_type=\"widget\" data-widget_type=\"heading.default\">\n\t\t\t\t<div class=\"elementor-widget-container\">\n\t\t\t\t\t<h2 class=\"elementor-heading-title elementor-size-default\">Privacidad infantil<\/h2>\t\t\t\t<\/div>\n\t\t\t\t<\/div>\n\t\t\t\t<div class=\"elementor-element elementor-element-e167a13 elementor-widget elementor-widget-text-editor\" data-id=\"e167a13\" data-element_type=\"widget\" data-widget_type=\"text-editor.default\">\n\t\t\t\t<div class=\"elementor-widget-container\">\n\t\t\t\t\t\t\t\t\t<p>Nuestros Servicios no se dirigen a menores de 13 a\u00f1os. No recopilamos conscientemente informaci\u00f3n personal identificable de ni\u00f1os menores de 13 a\u00f1os. En caso de que descubramos que una menor de 13 a\u00f1os nos ha proporcionado informaci\u00f3n personal, la eliminaremos inmediatamente de nuestros servidores. Si eres padre o tutor y tienes conocimiento de que tu hijo nos ha proporcionado informaci\u00f3n personal, ponte en contacto con nosotros para que podamos tomar las medidas necesarias.<\/p>\t\t\t\t\t\t\t\t<\/div>\n\t\t\t\t<\/div>\n\t\t\t\t\t<\/div>\n\t\t\t\t<\/div>\n\t\t<div class=\"elementor-element elementor-element-a91390c e-flex e-con-boxed e-con e-parent\" data-id=\"a91390c\" data-element_type=\"container\">\n\t\t\t\t\t<div class=\"e-con-inner\">\n\t\t\t\t<div class=\"elementor-element elementor-element-e8a8f4d elementor-widget elementor-widget-heading\" data-id=\"e8a8f4d\" data-element_type=\"widget\" data-widget_type=\"heading.default\">\n\t\t\t\t<div class=\"elementor-widget-container\">\n\t\t\t\t\t<h2 class=\"elementor-heading-title elementor-size-default\">Cambios en esta Pol\u00edtica de Privacidad<\/h2>\t\t\t\t<\/div>\n\t\t\t\t<\/div>\n\t\t\t\t<div class=\"elementor-element elementor-element-0f33d69 elementor-widget elementor-widget-text-editor\" data-id=\"0f33d69\" data-element_type=\"widget\" data-widget_type=\"text-editor.default\">\n\t\t\t\t<div class=\"elementor-widget-container\">\n\t\t\t\t\t\t\t\t\t<p>Podemos actualizar nuestra Pol\u00edtica de Privacidad de vez en cuando. Por ello, te aconsejamos que revises esta p\u00e1gina peri\u00f3dicamente para comprobar si se han producido cambios. Te notificaremos cualquier cambio publicando la nueva Pol\u00edtica de Privacidad en esta p\u00e1gina. Estos cambios entrar\u00e1n en vigor inmediatamente despu\u00e9s de su publicaci\u00f3n en esta p\u00e1gina.<\/p>\t\t\t\t\t\t\t\t<\/div>\n\t\t\t\t<\/div>\n\t\t\t\t\t<\/div>\n\t\t\t\t<\/div>\n\t\t<div class=\"elementor-element elementor-element-b8c6816 e-flex e-con-boxed e-con e-parent\" data-id=\"b8c6816\" data-element_type=\"container\">\n\t\t\t\t\t<div class=\"e-con-inner\">\n\t\t\t\t<div class=\"elementor-element elementor-element-73067f9 elementor-widget elementor-widget-heading\" data-id=\"73067f9\" data-element_type=\"widget\" data-widget_type=\"heading.default\">\n\t\t\t\t<div class=\"elementor-widget-container\">\n\t\t\t\t\t<h2 class=\"elementor-heading-title elementor-size-default\">Contacta con nosotros\n<\/h2>\t\t\t\t<\/div>\n\t\t\t\t<\/div>\n\t\t\t\t<div class=\"elementor-element elementor-element-46d9671 elementor-widget elementor-widget-text-editor\" data-id=\"46d9671\" data-element_type=\"widget\" data-widget_type=\"text-editor.default\">\n\t\t\t\t<div class=\"elementor-widget-container\">\n\t\t\t\t\t\t\t\t\t<p>Si tienes alguna pregunta o sugerencia sobre nuestra Pol\u00edtica de Privacidad, no dudes en ponerte en contacto con nosotros.<\/p>\t\t\t\t\t\t\t\t<\/div>\n\t\t\t\t<\/div>\n\t\t\t\t\t<\/div>\n\t\t\t\t<\/div>\n\t\t\t\t<\/div>\n\t\t","protected":false},"excerpt":{"rendered":"<p>Apart Hotel San Martin opera el sitio web Nombre del sitio web, que proporciona el SERVICIO.Esta p\u00e1gina se utiliza para informar a los visitantes del sitio web sobre nuestras pol\u00edticas con respecto a la recopilaci\u00f3n, uso y divulgaci\u00f3n de Informaci\u00f3n Personal si alguien decidiera utilizar nuestro Servicio, el sitio web Nombre del sitio web.Si decides [&hellip;]<\/p>\n","protected":false},"author":1,"featured_media":8842,"parent":0,"menu_order":0,"comment_status":"closed","ping_status":"open","template":"elementor_header_footer","meta":{"_joinchat":[],"footnotes":""},"class_list":["post-8944","page","type-page","status-publish","has-post-thumbnail","hentry"],"_links":{"self":[{"href":"https:\/\/sanmartinhotel.com\/es\/wp-json\/wp\/v2\/pages\/8944","targetHints":{"allow":["GET"]}}],"collection":[{"href":"https:\/\/sanmartinhotel.com\/es\/wp-json\/wp\/v2\/pages"}],"about":[{"href":"https:\/\/sanmartinhotel.com\/es\/wp-json\/wp\/v2\/types\/page"}],"author":[{"embeddable":true,"href":"https:\/\/sanmartinhotel.com\/es\/wp-json\/wp\/v2\/users\/1"}],"replies":[{"embeddable":true,"href":"https:\/\/sanmartinhotel.com\/es\/wp-json\/wp\/v2\/comments?post=8944"}],"version-history":[{"count":2,"href":"https:\/\/sanmartinhotel.com\/es\/wp-json\/wp\/v2\/pages\/8944\/revisions"}],"predecessor-version":[{"id":8955,"href":"https:\/\/sanmartinhotel.com\/es\/wp-json\/wp\/v2\/pages\/8944\/revisions\/8955"}],"wp:featuredmedia":[{"embeddable":true,"href":"https:\/\/sanmartinhotel.com\/es\/wp-json\/wp\/v2\/media\/8842"}],"wp:attachment":[{"href":"https:\/\/sanmartinhotel.com\/es\/wp-json\/wp\/v2\/media?parent=8944"}],"curies":[{"name":"wp","href":"https:\/\/api.w.org\/{rel}","templated":true}]}}