{"id":8945,"date":"2025-01-27T23:21:40","date_gmt":"2025-01-28T04:21:40","guid":{"rendered":"https:\/\/sanmartinhotel.com\/arco\/"},"modified":"2025-02-13T10:12:20","modified_gmt":"2025-02-13T15:12:20","slug":"arco","status":"publish","type":"page","link":"https:\/\/sanmartinhotel.com\/es\/arco\/","title":{"rendered":"Arco"},"content":{"rendered":"\t\t<div data-elementor-type=\"wp-page\" data-elementor-id=\"8945\" class=\"elementor elementor-8945 elementor-8127\" data-elementor-post-type=\"page\">\n\t\t\t\t<div class=\"elementor-element elementor-element-a4cf2fe e-flex e-con-boxed e-con e-parent\" data-id=\"a4cf2fe\" data-element_type=\"container\">\n\t\t\t\t\t<div class=\"e-con-inner\">\n\t\t<div class=\"elementor-element elementor-element-57df4ec e-con-full e-flex e-con e-child\" data-id=\"57df4ec\" data-element_type=\"container\">\n\t\t\t\t<div class=\"elementor-element elementor-element-d96ab14 elementor-widget elementor-widget-text-editor\" data-id=\"d96ab14\" data-element_type=\"widget\" data-widget_type=\"text-editor.default\">\n\t\t\t\t<div class=\"elementor-widget-container\">\n\t\t\t\t\t\t\t\t\t<p>SILMA CONST. Y NEGOCIOS TURISTICOS S.A.identificada con RUC 20109067688, en cumplimiento de lo dispuesto en la Ley N\u00ba 29733, Ley de Protecci\u00f3n de Datos Personales, y su Reglamento, aprobado por Decreto Supremo N\u00ba 003-2013-JUS, pone a tu disposici\u00f3n un procedimiento para el ejercicio de los derechos de Acceso, Rectificaci\u00f3n, Cancelaci\u00f3n y Oposici\u00f3n respecto de tus datos personales contenidos en los bancos de datos de nuestra titularidad. Para atender adecuadamente tu solicitud, te pedimos que nos proporciones la siguiente informaci\u00f3n:    <\/p><p>Para responder adecuadamente a tu solicitud, te pedimos que nos facilites la siguiente informaci\u00f3n:<\/p>\t\t\t\t\t\t\t\t<\/div>\n\t\t\t\t<\/div>\n\t\t\t\t<div class=\"elementor-element elementor-element-bb1845a elementor-widget elementor-widget-heading\" data-id=\"bb1845a\" data-element_type=\"widget\" data-widget_type=\"heading.default\">\n\t\t\t\t<div class=\"elementor-widget-container\">\n\t\t\t\t\t<h2 class=\"elementor-heading-title elementor-size-default\">Datos del titular de los datos personales<\/h2>\t\t\t\t<\/div>\n\t\t\t\t<\/div>\n\t\t\t\t<div class=\"elementor-element elementor-element-adcad90 elementor-button-align-stretch elementor-widget elementor-widget-form\" data-id=\"adcad90\" data-element_type=\"widget\" data-settings=\"{&quot;step_next_label&quot;:&quot;Siguiente&quot;,&quot;step_previous_label&quot;:&quot;Anterior&quot;,&quot;button_width&quot;:&quot;100&quot;,&quot;step_type&quot;:&quot;number_text&quot;,&quot;step_icon_shape&quot;:&quot;circle&quot;}\" data-widget_type=\"form.default\">\n\t\t\t\t<div class=\"elementor-widget-container\">\n\t\t\t\t\t\t\t<form class=\"elementor-form\" method=\"post\" name=\"Nuevo formulario\">\n\t\t\t<input type=\"hidden\" name=\"post_id\" value=\"8945\"\/>\n\t\t\t<input type=\"hidden\" name=\"form_id\" value=\"adcad90\"\/>\n\t\t\t<input type=\"hidden\" name=\"referer_title\" value=\"Derechos ARCO | Apart Hotel San Mart\u00edn Miraflores\" \/>\n\n\t\t\t\t\t\t\t<input type=\"hidden\" name=\"queried_id\" value=\"8945\"\/>\n\t\t\t\n\t\t\t<div class=\"elementor-form-fields-wrapper elementor-labels-\">\n\t\t\t\t\t\t\t\t<div class=\"elementor-field-type-text elementor-field-group elementor-column elementor-field-group-Firstname elementor-col-50 elementor-field-required\">\n\t\t\t\t\t\t\t\t\t\t\t\t<label for=\"form-field-Firstname\" class=\"elementor-field-label elementor-screen-only\">\n\t\t\t\t\t\t\t\tNombre\t\t\t\t\t\t\t<\/label>\n\t\t\t\t\t\t\t\t\t\t\t\t\t\t<input size=\"1\" type=\"text\" name=\"form_fields[Firstname]\" id=\"form-field-Firstname\" class=\"elementor-field elementor-size-sm  elementor-field-textual\" placeholder=\"Nombre\" required=\"required\">\n\t\t\t\t\t\t\t\t\t\t\t<\/div>\n\t\t\t\t\t\t\t\t<div class=\"elementor-field-type-text elementor-field-group elementor-column elementor-field-group-Lastname elementor-col-50 elementor-field-required\">\n\t\t\t\t\t\t\t\t\t\t\t\t<label for=\"form-field-Lastname\" class=\"elementor-field-label elementor-screen-only\">\n\t\t\t\t\t\t\t\tApellido\t\t\t\t\t\t\t<\/label>\n\t\t\t\t\t\t\t\t\t\t\t\t\t\t<input size=\"1\" type=\"text\" name=\"form_fields[Lastname]\" id=\"form-field-Lastname\" class=\"elementor-field elementor-size-sm  elementor-field-textual\" placeholder=\"Apellido\" required=\"required\">\n\t\t\t\t\t\t\t\t\t\t\t<\/div>\n\t\t\t\t\t\t\t\t<div class=\"elementor-field-type-select elementor-field-group elementor-column elementor-field-group-type elementor-col-50 elementor-field-required\">\n\t\t\t\t\t\t\t\t\t\t\t\t<label for=\"form-field-type\" class=\"elementor-field-label elementor-screen-only\">\n\t\t\t\t\t\t\t\tTipo de documento\t\t\t\t\t\t\t<\/label>\n\t\t\t\t\t\t\t\t<div class=\"elementor-field elementor-select-wrapper remove-before \">\n\t\t\t<div class=\"select-caret-down-wrapper\">\n\t\t\t\t<svg aria-hidden=\"true\" class=\"e-font-icon-svg e-eicon-caret-down\" viewBox=\"0 0 571.4 571.4\" xmlns=\"http:\/\/www.w3.org\/2000\/svg\"><path d=\"M571 393Q571 407 561 418L311 668Q300 679 286 679T261 668L11 418Q0 407 0 393T11 368 36 357H536Q550 357 561 368T571 393Z\"><\/path><\/svg>\t\t\t<\/div>\n\t\t\t<select name=\"form_fields[type]\" id=\"form-field-type\" class=\"elementor-field-textual elementor-size-sm\" required=\"required\">\n\t\t\t\t\t\t\t\t\t<option value=\"Tipo de documento\">Tipo de documento<\/option>\n\t\t\t\t\t\t\t\t\t<option value=\"DNI\">DNI<\/option>\n\t\t\t\t\t\t\t\t\t<option value=\"CE\">CE<\/option>\n\t\t\t\t\t\t\t\t\t<option value=\"PASAPORTE\">PASAPORTE<\/option>\n\t\t\t\t\t\t\t<\/select>\n\t\t<\/div>\n\t\t\t\t\t\t<\/div>\n\t\t\t\t\t\t\t\t<div class=\"elementor-field-type-text elementor-field-group elementor-column elementor-field-group-number_doc elementor-col-50 elementor-field-required\">\n\t\t\t\t\t\t\t\t\t\t\t\t<label for=\"form-field-number_doc\" class=\"elementor-field-label elementor-screen-only\">\n\t\t\t\t\t\t\t\tN\u00famero de documento\t\t\t\t\t\t\t<\/label>\n\t\t\t\t\t\t\t\t\t\t\t\t\t\t<input size=\"1\" type=\"text\" name=\"form_fields[number_doc]\" id=\"form-field-number_doc\" class=\"elementor-field elementor-size-sm  elementor-field-textual\" placeholder=\"N\u00famero de documento\" required=\"required\">\n\t\t\t\t\t\t\t\t\t\t\t<\/div>\n\t\t\t\t\t\t\t\t<div class=\"elementor-field-type-upload elementor-field-group elementor-column elementor-field-group-attach elementor-col-100\">\n\t\t\t\t\t\t\t\t\t\t\t\t<label for=\"form-field-attach\" class=\"elementor-field-label elementor-screen-only\">\n\t\t\t\t\t\t\t\tAdjuntar documento\t\t\t\t\t\t\t<\/label>\n\t\t\t\t\t\t\t\t<input type=\"file\" name=\"form_fields[attach]\" id=\"form-field-attach\" class=\"elementor-field elementor-size-sm  elementor-upload-field\" data-maxsize=\"5\" data-maxsize-message=\"Este archivo excede el tama\u00f1o m\u00e1ximo permitido.\">\n\n\t\t\t\t\t\t<\/div>\n\t\t\t\t\t\t\t\t<div class=\"elementor-field-type-html elementor-field-group elementor-column elementor-field-group-field_b6f7569 elementor-col-100\">\n\t\t\t\t\t<label>*Peso m\u00e1ximo (5mb) en formato (jpg, jpeg, png, pdf)<\/label>\t\t\t\t<\/div>\n\t\t\t\t\t\t\t\t<div class=\"elementor-field-type-email elementor-field-group elementor-column elementor-field-group-Email elementor-col-50 elementor-field-required\">\n\t\t\t\t\t\t\t\t\t\t\t\t<label for=\"form-field-Email\" class=\"elementor-field-label elementor-screen-only\">\n\t\t\t\t\t\t\t\tEnv\u00eda un correo electr\u00f3nico a\t\t\t\t\t\t\t<\/label>\n\t\t\t\t\t\t\t\t\t\t\t\t\t\t<input size=\"1\" type=\"email\" name=\"form_fields[Email]\" id=\"form-field-Email\" class=\"elementor-field elementor-size-sm  elementor-field-textual\" placeholder=\"Env\u00eda un correo electr\u00f3nico a\" required=\"required\">\n\t\t\t\t\t\t\t\t\t\t\t<\/div>\n\t\t\t\t\t\t\t\t<div class=\"elementor-field-type-text elementor-field-group elementor-column elementor-field-group-field_68a3500 elementor-col-50\">\n\t\t\t\t\t\t\t\t\t\t\t\t<label for=\"form-field-field_68a3500\" class=\"elementor-field-label elementor-screen-only\">\n\t\t\t\t\t\t\t\tDirecci\u00f3n\t\t\t\t\t\t\t<\/label>\n\t\t\t\t\t\t\t\t\t\t\t\t\t\t<input size=\"1\" type=\"text\" name=\"form_fields[field_68a3500]\" id=\"form-field-field_68a3500\" class=\"elementor-field elementor-size-sm  elementor-field-textual\" placeholder=\"Direcci\u00f3n\">\n\t\t\t\t\t\t\t\t\t\t\t<\/div>\n\t\t\t\t\t\t\t\t<div class=\"elementor-field-type-html elementor-field-group elementor-column elementor-field-group-field_6cdd37a elementor-col-100\">\n\t\t\t\t\t<h2><b>Datos del representante del titular de los datos personales (si procede)\n<\/b><\/h2>\t\t\t\t<\/div>\n\t\t\t\t\t\t\t\t<div class=\"elementor-field-type-text elementor-field-group elementor-column elementor-field-group-r_Firstname elementor-col-50 elementor-field-required\">\n\t\t\t\t\t\t\t\t\t\t\t\t<label for=\"form-field-r_Firstname\" class=\"elementor-field-label elementor-screen-only\">\n\t\t\t\t\t\t\t\tNombre\t\t\t\t\t\t\t<\/label>\n\t\t\t\t\t\t\t\t\t\t\t\t\t\t<input size=\"1\" type=\"text\" name=\"form_fields[r_Firstname]\" id=\"form-field-r_Firstname\" class=\"elementor-field elementor-size-sm  elementor-field-textual\" placeholder=\"Nombre\" required=\"required\">\n\t\t\t\t\t\t\t\t\t\t\t<\/div>\n\t\t\t\t\t\t\t\t<div class=\"elementor-field-type-text elementor-field-group elementor-column elementor-field-group-r_Lastname elementor-col-50 elementor-field-required\">\n\t\t\t\t\t\t\t\t\t\t\t\t<label for=\"form-field-r_Lastname\" class=\"elementor-field-label elementor-screen-only\">\n\t\t\t\t\t\t\t\tApellido\t\t\t\t\t\t\t<\/label>\n\t\t\t\t\t\t\t\t\t\t\t\t\t\t<input size=\"1\" type=\"text\" name=\"form_fields[r_Lastname]\" id=\"form-field-r_Lastname\" class=\"elementor-field elementor-size-sm  elementor-field-textual\" placeholder=\"Apellido\" required=\"required\">\n\t\t\t\t\t\t\t\t\t\t\t<\/div>\n\t\t\t\t\t\t\t\t<div class=\"elementor-field-type-select elementor-field-group elementor-column elementor-field-group-r_document elementor-col-50 elementor-field-required\">\n\t\t\t\t\t\t\t\t\t\t\t\t<label for=\"form-field-r_document\" class=\"elementor-field-label elementor-screen-only\">\n\t\t\t\t\t\t\t\tTipo de documento\t\t\t\t\t\t\t<\/label>\n\t\t\t\t\t\t\t\t<div class=\"elementor-field elementor-select-wrapper remove-before \">\n\t\t\t<div class=\"select-caret-down-wrapper\">\n\t\t\t\t<svg aria-hidden=\"true\" class=\"e-font-icon-svg e-eicon-caret-down\" viewBox=\"0 0 571.4 571.4\" xmlns=\"http:\/\/www.w3.org\/2000\/svg\"><path d=\"M571 393Q571 407 561 418L311 668Q300 679 286 679T261 668L11 418Q0 407 0 393T11 368 36 357H536Q550 357 561 368T571 393Z\"><\/path><\/svg>\t\t\t<\/div>\n\t\t\t<select name=\"form_fields[r_document]\" id=\"form-field-r_document\" class=\"elementor-field-textual elementor-size-sm\" required=\"required\">\n\t\t\t\t\t\t\t\t\t<option value=\"Tipo de documento\">Tipo de documento<\/option>\n\t\t\t\t\t\t\t\t\t<option value=\"DNI\">DNI<\/option>\n\t\t\t\t\t\t\t\t\t<option value=\"CE\">CE<\/option>\n\t\t\t\t\t\t\t\t\t<option value=\"PASAPORTE\">PASAPORTE<\/option>\n\t\t\t\t\t\t\t<\/select>\n\t\t<\/div>\n\t\t\t\t\t\t<\/div>\n\t\t\t\t\t\t\t\t<div class=\"elementor-field-type-text elementor-field-group elementor-column elementor-field-group-d_number elementor-col-50 elementor-field-required\">\n\t\t\t\t\t\t\t\t\t\t\t\t<label for=\"form-field-d_number\" class=\"elementor-field-label elementor-screen-only\">\n\t\t\t\t\t\t\t\tN\u00famero de documento\t\t\t\t\t\t\t<\/label>\n\t\t\t\t\t\t\t\t\t\t\t\t\t\t<input size=\"1\" type=\"text\" name=\"form_fields[d_number]\" id=\"form-field-d_number\" class=\"elementor-field elementor-size-sm  elementor-field-textual\" placeholder=\"N\u00famero de documento\" required=\"required\">\n\t\t\t\t\t\t\t\t\t\t\t<\/div>\n\t\t\t\t\t\t\t\t<div class=\"elementor-field-type-upload elementor-field-group elementor-column elementor-field-group-r_attach elementor-col-100\">\n\t\t\t\t\t\t\t\t\t\t\t\t<label for=\"form-field-r_attach\" class=\"elementor-field-label elementor-screen-only\">\n\t\t\t\t\t\t\t\tAdjuntar documento\t\t\t\t\t\t\t<\/label>\n\t\t\t\t\t\t\t\t<input type=\"file\" name=\"form_fields[r_attach]\" id=\"form-field-r_attach\" class=\"elementor-field elementor-size-sm  elementor-upload-field\" data-maxsize=\"5\" data-maxsize-message=\"Este archivo excede el tama\u00f1o m\u00e1ximo permitido.\">\n\n\t\t\t\t\t\t<\/div>\n\t\t\t\t\t\t\t\t<div class=\"elementor-field-type-html elementor-field-group elementor-column elementor-field-group-field_241d67a elementor-col-100\">\n\t\t\t\t\t<label>*Peso m\u00e1ximo (5mb) en formato (jpg, jpeg, png, pdf)<\/label>\t\t\t\t<\/div>\n\t\t\t\t\t\t\t\t<div class=\"elementor-field-type-upload elementor-field-group elementor-column elementor-field-group-field_969296f elementor-col-100\">\n\t\t\t\t\t\t\t\t\t\t\t\t<label for=\"form-field-field_969296f\" class=\"elementor-field-label elementor-screen-only\">\n\t\t\t\t\t\t\t\tDocumento que acredita la representaci\u00f3n\t\t\t\t\t\t\t<\/label>\n\t\t\t\t\t\t\t\t<input type=\"file\" name=\"form_fields[field_969296f]\" id=\"form-field-field_969296f\" class=\"elementor-field elementor-size-sm  elementor-upload-field\" data-maxsize=\"5\" data-maxsize-message=\"Este archivo excede el tama\u00f1o m\u00e1ximo permitido.\">\n\n\t\t\t\t\t\t<\/div>\n\t\t\t\t\t\t\t\t<div class=\"elementor-field-type-html elementor-field-group elementor-column elementor-field-group-field_539271b elementor-col-100\">\n\t\t\t\t\t<label>*Peso m\u00e1ximo (5mb) en formato (jpg, jpeg, png, pdf)<\/label>\t\t\t\t<\/div>\n\t\t\t\t\t\t\t\t<div class=\"elementor-field-type-html elementor-field-group elementor-column elementor-field-group-field_b41b5e0 elementor-col-100\">\n\t\t\t\t\t<h2><b>Selecciona el tipo de solicitud que deseas introducir:\n<\/b><\/h2>\t\t\t\t<\/div>\n\t\t\t\t\t\t\t\t<div class=\"elementor-field-type-acceptance elementor-field-group elementor-column elementor-field-group-item_1 elementor-col-100\">\n\t\t\t\t\t\t\t\t\t\t\t\t<label for=\"form-field-item_1\" class=\"elementor-field-label elementor-screen-only\">\n\t\t\t\t\t\t\t\tACCESO\t\t\t\t\t\t\t<\/label>\n\t\t\t\t\t\t\t\t<div class=\"elementor-field-subgroup\">\n\t\t\t<span class=\"elementor-field-option\">\n\t\t\t\t<input type=\"checkbox\" name=\"form_fields[item_1]\" id=\"form-field-item_1\" class=\"elementor-field elementor-size-sm  elementor-acceptance-field\">\n\t\t\t\t<label for=\"form-field-item_1\">ACCESO: Acci\u00f3n destinada a obtener de Nessus Hoteles S.A. informaci\u00f3n sobre uno mismo almacenada en el banco de datos, as\u00ed como la referida a las condiciones y generalidades del tratamiento de dicha informaci\u00f3n.<\/label>\t\t\t<\/span>\n\t\t<\/div>\n\t\t\t\t\t\t<\/div>\n\t\t\t\t\t\t\t\t<div class=\"elementor-field-type-acceptance elementor-field-group elementor-column elementor-field-group-field_a7b6ea6 elementor-col-100\">\n\t\t\t\t\t\t\t\t\t\t\t\t<label for=\"form-field-field_a7b6ea6\" class=\"elementor-field-label elementor-screen-only\">\n\t\t\t\t\t\t\t\tRECTIFICACI\u00d3N\t\t\t\t\t\t\t<\/label>\n\t\t\t\t\t\t\t\t<div class=\"elementor-field-subgroup\">\n\t\t\t<span class=\"elementor-field-option\">\n\t\t\t\t<input type=\"checkbox\" name=\"form_fields[field_a7b6ea6]\" id=\"form-field-field_a7b6ea6\" class=\"elementor-field elementor-size-sm  elementor-acceptance-field\">\n\t\t\t\t<label for=\"form-field-field_a7b6ea6\">RECTIFICACI\u00d3N: Acci\u00f3n destinada a: (i) actualizar tus datos; (ii) corregir la informaci\u00f3n que resulte ser inexacta, err\u00f3nea o falsa; y\/o (iii) incluir informaci\u00f3n en el banco de datos. En todos los casos, deber\u00e1s adjuntar la informaci\u00f3n que sustente la procedencia de la rectificaci\u00f3n.<\/label>\t\t\t<\/span>\n\t\t<\/div>\n\t\t\t\t\t\t<\/div>\n\t\t\t\t\t\t\t\t<div class=\"elementor-field-type-acceptance elementor-field-group elementor-column elementor-field-group-field_cb19412 elementor-col-100\">\n\t\t\t\t\t\t\t\t\t\t\t\t<label for=\"form-field-field_cb19412\" class=\"elementor-field-label elementor-screen-only\">\n\t\t\t\t\t\t\t\tCANCELACI\u00d3N\t\t\t\t\t\t\t<\/label>\n\t\t\t\t\t\t\t\t<div class=\"elementor-field-subgroup\">\n\t\t\t<span class=\"elementor-field-option\">\n\t\t\t\t<input type=\"checkbox\" name=\"form_fields[field_cb19412]\" id=\"form-field-field_cb19412\" class=\"elementor-field elementor-size-sm  elementor-acceptance-field\">\n\t\t\t\t<label for=\"form-field-field_cb19412\">CANCELACI\u00d3N: Acci\u00f3n de suprimir los datos personales almacenados en una base de datos porque ya no son necesarios o pertinentes para la finalidad para la que fueron recogidos, cuando ha expirado el plazo para su tratamiento o cuando se ha revocado el consentimiento otorgado.<\/label>\t\t\t<\/span>\n\t\t<\/div>\n\t\t\t\t\t\t<\/div>\n\t\t\t\t\t\t\t\t<div class=\"elementor-field-type-acceptance elementor-field-group elementor-column elementor-field-group-field_2f482c8 elementor-col-100\">\n\t\t\t\t\t\t\t\t\t\t\t\t<label for=\"form-field-field_2f482c8\" class=\"elementor-field-label elementor-screen-only\">\n\t\t\t\t\t\t\t\tOPOSICI\u00d3N\t\t\t\t\t\t\t<\/label>\n\t\t\t\t\t\t\t\t<div class=\"elementor-field-subgroup\">\n\t\t\t<span class=\"elementor-field-option\">\n\t\t\t\t<input type=\"checkbox\" name=\"form_fields[field_2f482c8]\" id=\"form-field-field_2f482c8\" class=\"elementor-field elementor-size-sm  elementor-acceptance-field\">\n\t\t\t\t<label for=\"form-field-field_2f482c8\">OPOSICI\u00d3N: Acci\u00f3n de impedir el tratamiento de datos personales o cese del mismo, cuando el titular no hubiere prestado su consentimiento o cuando acredite que median motivos fundados y leg\u00edtimos relativos a una concreta situaci\u00f3n personal que lo justifiquen.<\/label>\t\t\t<\/span>\n\t\t<\/div>\n\t\t\t\t\t\t<\/div>\n\t\t\t\t\t\t\t\t<div class=\"elementor-field-type-html elementor-field-group elementor-column elementor-field-group-field_0969e9d elementor-col-100\">\n\t\t\t\t\t<label>Exponga de forma clara y precisa en el espacio en blanco los alcances de su solicitud, se\u00f1alando la informaci\u00f3n a la que desea acceder, rectificar, cancelar o respecto de la cual desea formular oposici\u00f3n:<\/label>\t\t\t\t<\/div>\n\t\t\t\t\t\t\t\t<div class=\"elementor-field-type-textarea elementor-field-group elementor-column elementor-field-group-message elementor-col-100 elementor-field-required\">\n\t\t\t\t\t\t\t\t\t\t\t\t<label for=\"form-field-message\" class=\"elementor-field-label elementor-screen-only\">\n\t\t\t\t\t\t\t\tMensaje\t\t\t\t\t\t\t<\/label>\n\t\t\t\t\t\t<textarea class=\"elementor-field-textual elementor-field  elementor-size-sm\" name=\"form_fields[message]\" id=\"form-field-message\" rows=\"4\" placeholder=\"introduce tu mensaje\" required=\"required\"><\/textarea>\t\t\t\t<\/div>\n\t\t\t\t\t\t\t\t<div class=\"elementor-field-type-upload elementor-field-group elementor-column elementor-field-group-field_708da14 elementor-col-100\">\n\t\t\t\t\t\t\t\t\t\t\t\t<label for=\"form-field-field_708da14\" class=\"elementor-field-label elementor-screen-only\">\n\t\t\t\t\t\t\t\tAdjuntar documento\t\t\t\t\t\t\t<\/label>\n\t\t\t\t\t\t\t\t<input type=\"file\" name=\"form_fields[field_708da14]\" id=\"form-field-field_708da14\" class=\"elementor-field elementor-size-sm  elementor-upload-field\" data-maxsize=\"5\" data-maxsize-message=\"Este archivo excede el tama\u00f1o m\u00e1ximo permitido.\">\n\n\t\t\t\t\t\t<\/div>\n\t\t\t\t\t\t\t\t<div class=\"elementor-field-type-html elementor-field-group elementor-column elementor-field-group-field_68fc089 elementor-col-100\">\n\t\t\t\t\t<label>*Peso m\u00e1ximo (5mb) en formato (jpg, jpeg, png, pdf)<\/label>\t\t\t\t<\/div>\n\t\t\t\t\t\t\t\t<div class=\"elementor-field-type-html elementor-field-group elementor-column elementor-field-group-field_3b6f347 elementor-col-100\">\n\t\t\t\t\t<h2><b>Notificaci\u00f3n de respuesta\n<\/b><\/h2>\t\t\t\t<\/div>\n\t\t\t\t\t\t\t\t<div class=\"elementor-field-type-html elementor-field-group elementor-column elementor-field-group-field_26f0d5e elementor-col-100\">\n\t\t\t\t\t<label>SILMA CONST. Y NEGOCIOS TURISTICOS S.A. proceder\u00e1 a notificar la respuesta a tu solicitud a la direcci\u00f3n o correo electr\u00f3nico indicado en este documento. El titular de los datos personales autoriza y acepta el env\u00edo de notificaciones referentes a este procedimiento a cualquiera de dichas direcciones. Las solicitudes ser\u00e1n respondidas dentro de los plazos establecidos en el Cap\u00edtulo I del T\u00edtulo IV del Reglamento de la Ley de Protecci\u00f3n de Datos Personales, aprobado por Decreto Supremo N\u00ba 003-2013-JUS. Si transcurren los plazos mencionados sin haber recibido respuesta, puedes considerar denegada tu solicitud, conservando tu derecho a iniciar un procedimiento de protecci\u00f3n ante la Direcci\u00f3n General de Protecci\u00f3n de Datos Personales (Ministerio de Justicia).<\/label>\t\t\t\t<\/div>\n\t\t\t\t\t\t\t\t<div class=\"elementor-field-type-html elementor-field-group elementor-column elementor-field-group-field_c0f317b elementor-col-100\">\n\t\t\t\t\t<table class=\"table-arco\"><thead><tr><th>Tipo de solicitud<\/th><th>Plazo<\/th><\/tr><\/thead><tbody><tr><td>Informaci\u00f3n<\/td><td>8 d\u00edas laborables<\/td><\/tr><tr><td>Revocaci\u00f3n<\/td><td>5 d\u00edas laborables<\/td><\/tr><tr><td>Accede a<\/td><td>20 d\u00edas laborables<\/td><\/tr><tr><td>Rectificaci\u00f3n, cancelaci\u00f3n y oposici\u00f3n<\/td><td>10 d\u00edas h\u00e1biles<\/td><\/tr><\/tbody><\/table>\t\t\t\t<\/div>\n\t\t\t\t\t\t\t\t<div class=\"elementor-field-type-text\">\n\t\t\t\t\t<input size=\"1\" type=\"text\" name=\"form_fields[field_5e9b6eb]\" id=\"form-field-field_5e9b6eb\" class=\"elementor-field elementor-size-sm \" style=\"display:none !important;\">\t\t\t\t<\/div>\n\t\t\t\t\t\t\t\t<div class=\"elementor-field-group elementor-column elementor-field-type-submit elementor-col-100 e-form__buttons\">\n\t\t\t\t\t<button class=\"elementor-button elementor-size-sm\" type=\"submit\">\n\t\t\t\t\t\t<span class=\"elementor-button-content-wrapper\">\n\t\t\t\t\t\t\t\t\t\t\t\t\t\t\t\t\t\t\t\t\t\t<span class=\"elementor-button-text\">Env\u00eda<\/span>\n\t\t\t\t\t\t\t\t\t\t\t\t\t<\/span>\n\t\t\t\t\t<\/button>\n\t\t\t\t<\/div>\n\t\t\t<\/div>\n\t\t<\/form>\n\t\t\t\t\t\t<\/div>\n\t\t\t\t<\/div>\n\t\t\t\t<\/div>\n\t\t\t\t\t<\/div>\n\t\t\t\t<\/div>\n\t\t\t\t<\/div>\n\t\t","protected":false},"excerpt":{"rendered":"<p>SILMA CONST. Y NEGOCIOS TURISTICOS S.A.identificada con RUC 20109067688, en cumplimiento de lo dispuesto en la Ley N\u00ba 29733, Ley de Protecci\u00f3n de Datos Personales, y su Reglamento, aprobado por Decreto Supremo N\u00ba 003-2013-JUS, pone a tu disposici\u00f3n un procedimiento para el ejercicio de los derechos de Acceso, Rectificaci\u00f3n, Cancelaci\u00f3n y Oposici\u00f3n respecto de tus [&hellip;]<\/p>\n","protected":false},"author":1,"featured_media":8834,"parent":0,"menu_order":0,"comment_status":"closed","ping_status":"closed","template":"template-homepage.php","meta":{"_joinchat":[],"footnotes":""},"class_list":["post-8945","page","type-page","status-publish","has-post-thumbnail","hentry"],"_links":{"self":[{"href":"https:\/\/sanmartinhotel.com\/es\/wp-json\/wp\/v2\/pages\/8945","targetHints":{"allow":["GET"]}}],"collection":[{"href":"https:\/\/sanmartinhotel.com\/es\/wp-json\/wp\/v2\/pages"}],"about":[{"href":"https:\/\/sanmartinhotel.com\/es\/wp-json\/wp\/v2\/types\/page"}],"author":[{"embeddable":true,"href":"https:\/\/sanmartinhotel.com\/es\/wp-json\/wp\/v2\/users\/1"}],"replies":[{"embeddable":true,"href":"https:\/\/sanmartinhotel.com\/es\/wp-json\/wp\/v2\/comments?post=8945"}],"version-history":[{"count":4,"href":"https:\/\/sanmartinhotel.com\/es\/wp-json\/wp\/v2\/pages\/8945\/revisions"}],"predecessor-version":[{"id":8968,"href":"https:\/\/sanmartinhotel.com\/es\/wp-json\/wp\/v2\/pages\/8945\/revisions\/8968"}],"wp:featuredmedia":[{"embeddable":true,"href":"https:\/\/sanmartinhotel.com\/es\/wp-json\/wp\/v2\/media\/8834"}],"wp:attachment":[{"href":"https:\/\/sanmartinhotel.com\/es\/wp-json\/wp\/v2\/media?parent=8945"}],"curies":[{"name":"wp","href":"https:\/\/api.w.org\/{rel}","templated":true}]}}