{"id":8951,"date":"2022-04-26T01:47:08","date_gmt":"2022-04-26T06:47:08","guid":{"rendered":"https:\/\/sanmartinhotel.com\/estamos-aqui-para-ayudarte\/"},"modified":"2026-01-28T08:25:44","modified_gmt":"2026-01-28T13:25:44","slug":"contactanos","status":"publish","type":"page","link":"https:\/\/sanmartinhotel.com\/es\/contactanos\/","title":{"rendered":"Contacta con nosotros"},"content":{"rendered":"\t\t<div data-elementor-type=\"wp-page\" data-elementor-id=\"8951\" class=\"elementor elementor-8951 elementor-91\" data-elementor-post-type=\"page\">\n\t\t\t\t<div class=\"elementor-element elementor-element-5c714a6 e-flex e-con-boxed e-con e-parent\" data-id=\"5c714a6\" data-element_type=\"container\">\n\t\t\t\t\t<div class=\"e-con-inner\">\n\t\t\t\t<div class=\"elementor-element elementor-element-1fac79b elementor-widget elementor-widget-heading\" data-id=\"1fac79b\" data-element_type=\"widget\" data-widget_type=\"heading.default\">\n\t\t\t\t<div class=\"elementor-widget-container\">\n\t\t\t\t\t<span class=\"elementor-heading-title elementor-size-default\">Conecta<\/span>\t\t\t\t<\/div>\n\t\t\t\t<\/div>\n\t\t\t\t<div class=\"elementor-element elementor-element-5012a9f elementor-widget elementor-widget-heading\" data-id=\"5012a9f\" data-element_type=\"widget\" data-widget_type=\"heading.default\">\n\t\t\t\t<div class=\"elementor-widget-container\">\n\t\t\t\t\t<h2 class=\"elementor-heading-title elementor-size-default\">Ponte en contacto<\/h2>\t\t\t\t<\/div>\n\t\t\t\t<\/div>\n\t\t\t\t<div class=\"elementor-element elementor-element-01e99bc elementor-widget elementor-widget-heading\" data-id=\"01e99bc\" data-element_type=\"widget\" data-widget_type=\"heading.default\">\n\t\t\t\t<div class=\"elementor-widget-container\">\n\t\t\t\t\t<h5 class=\"elementor-heading-title elementor-size-default\">Estamos aqu\u00ed para ayudarte con cualquier consulta.<\/h5>\t\t\t\t<\/div>\n\t\t\t\t<\/div>\n\t\t\t\t\t<\/div>\n\t\t\t\t<\/div>\n\t\t<div class=\"elementor-element elementor-element-3b671dd e-flex e-con-boxed e-con e-parent\" data-id=\"3b671dd\" data-element_type=\"container\">\n\t\t\t\t\t<div class=\"e-con-inner\">\n\t\t<div class=\"elementor-element elementor-element-484a149 e-con-full e-flex e-con e-child\" data-id=\"484a149\" data-element_type=\"container\">\n\t\t<div class=\"elementor-element elementor-element-3d5e7a8 e-con-full e-flex e-con e-child\" data-id=\"3d5e7a8\" data-element_type=\"container\">\n\t\t<div class=\"elementor-element elementor-element-9022788 e-con-full e-flex e-con e-child\" data-id=\"9022788\" data-element_type=\"container\">\n\t\t\t\t<div class=\"elementor-element elementor-element-ea9cb76 elementor-view-default elementor-widget elementor-widget-icon\" data-id=\"ea9cb76\" data-element_type=\"widget\" data-widget_type=\"icon.default\">\n\t\t\t\t<div class=\"elementor-widget-container\">\n\t\t\t\t\t\t\t<div class=\"elementor-icon-wrapper\">\n\t\t\t<div class=\"elementor-icon\">\n\t\t\t<i aria-hidden=\"true\" class=\"seasona-icon- seasona-icon-envelope\"><\/i>\t\t\t<\/div>\n\t\t<\/div>\n\t\t\t\t\t\t<\/div>\n\t\t\t\t<\/div>\n\t\t\t\t<\/div>\n\t\t<div class=\"elementor-element elementor-element-6c6e72f e-con-full e-flex e-con e-child\" data-id=\"6c6e72f\" data-element_type=\"container\">\n\t\t\t\t<div class=\"elementor-element elementor-element-1a80ca0 elementor-widget elementor-widget-heading\" data-id=\"1a80ca0\" data-element_type=\"widget\" data-widget_type=\"heading.default\">\n\t\t\t\t<div class=\"elementor-widget-container\">\n\t\t\t\t\t<h3 class=\"elementor-heading-title elementor-size-default\">Env\u00eda un correo electr\u00f3nico a<\/h3>\t\t\t\t<\/div>\n\t\t\t\t<\/div>\n\t\t\t\t<div class=\"elementor-element elementor-element-7cc3429 elementor-widget elementor-widget-heading\" data-id=\"7cc3429\" data-element_type=\"widget\" data-widget_type=\"heading.default\">\n\t\t\t\t<div class=\"elementor-widget-container\">\n\t\t\t\t\t<h5 class=\"elementor-heading-title elementor-size-default\">Ponte en contacto con nosotros en cualquier momento por correo electr\u00f3nico.<\/h5>\t\t\t\t<\/div>\n\t\t\t\t<\/div>\n\t\t\t\t<div class=\"elementor-element elementor-element-93dd926 elementor-widget elementor-widget-heading\" data-id=\"93dd926\" data-element_type=\"widget\" data-widget_type=\"heading.default\">\n\t\t\t\t<div class=\"elementor-widget-container\">\n\t\t\t\t\t<h5 class=\"elementor-heading-title elementor-size-default\"><a href=\"mailto:antonio@sanmartinaparthotel.com.pe\">antonio@sanmartinaparthotel.com.pe<\/a><\/h5>\t\t\t\t<\/div>\n\t\t\t\t<\/div>\n\t\t\t\t<\/div>\n\t\t\t\t<\/div>\n\t\t<div class=\"elementor-element elementor-element-2b4ddd4 e-con-full e-flex e-con e-child\" data-id=\"2b4ddd4\" data-element_type=\"container\">\n\t\t<div class=\"elementor-element elementor-element-da81dbf e-con-full e-flex e-con e-child\" data-id=\"da81dbf\" data-element_type=\"container\">\n\t\t\t\t<div class=\"elementor-element elementor-element-e808203 elementor-view-default elementor-widget elementor-widget-icon\" data-id=\"e808203\" data-element_type=\"widget\" data-widget_type=\"icon.default\">\n\t\t\t\t<div class=\"elementor-widget-container\">\n\t\t\t\t\t\t\t<div class=\"elementor-icon-wrapper\">\n\t\t\t<div class=\"elementor-icon\">\n\t\t\t<i aria-hidden=\"true\" class=\"seasona-icon- seasona-icon-mobile-android-alt\"><\/i>\t\t\t<\/div>\n\t\t<\/div>\n\t\t\t\t\t\t<\/div>\n\t\t\t\t<\/div>\n\t\t\t\t<\/div>\n\t\t<div class=\"elementor-element elementor-element-8787af6 e-con-full e-flex e-con e-child\" data-id=\"8787af6\" data-element_type=\"container\">\n\t\t\t\t<div class=\"elementor-element elementor-element-f2f5713 elementor-widget elementor-widget-heading\" data-id=\"f2f5713\" data-element_type=\"widget\" data-widget_type=\"heading.default\">\n\t\t\t\t<div class=\"elementor-widget-container\">\n\t\t\t\t\t<h3 class=\"elementor-heading-title elementor-size-default\">Tel\u00e9fono<\/h3>\t\t\t\t<\/div>\n\t\t\t\t<\/div>\n\t\t\t\t<div class=\"elementor-element elementor-element-8715fbe elementor-widget elementor-widget-heading\" data-id=\"8715fbe\" data-element_type=\"widget\" data-widget_type=\"heading.default\">\n\t\t\t\t<div class=\"elementor-widget-container\">\n\t\t\t\t\t<h5 class=\"elementor-heading-title elementor-size-default\"><a href=\"tel:+1%20(555)%20123-4567\">Ll\u00e1manos para obtener ayuda inmediata.<\/a><\/h5>\t\t\t\t<\/div>\n\t\t\t\t<\/div>\n\t\t\t\t<div class=\"elementor-element elementor-element-f4f8024 elementor-widget elementor-widget-heading\" data-id=\"f4f8024\" data-element_type=\"widget\" data-widget_type=\"heading.default\">\n\t\t\t\t<div class=\"elementor-widget-container\">\n\t\t\t\t\t<h5 class=\"elementor-heading-title elementor-size-default\"><a href=\"tel:(01)%20242-0500\">(01) 242-0500<\/a><\/h5>\t\t\t\t<\/div>\n\t\t\t\t<\/div>\n\t\t\t\t<div class=\"elementor-element elementor-element-3a0ee25 elementor-widget elementor-widget-heading\" data-id=\"3a0ee25\" data-element_type=\"widget\" data-widget_type=\"heading.default\">\n\t\t\t\t<div class=\"elementor-widget-container\">\n\t\t\t\t\t<h5 class=\"elementor-heading-title elementor-size-default\"><a href=\"tel:+51924390647\">+51 924 390 647<\/a><\/h5>\t\t\t\t<\/div>\n\t\t\t\t<\/div>\n\t\t\t\t<\/div>\n\t\t\t\t<\/div>\n\t\t<div class=\"elementor-element elementor-element-34f47e7 e-con-full e-flex e-con e-child\" data-id=\"34f47e7\" data-element_type=\"container\">\n\t\t<div class=\"elementor-element elementor-element-83e4ad1 e-con-full e-flex e-con e-child\" data-id=\"83e4ad1\" data-element_type=\"container\">\n\t\t\t\t<div class=\"elementor-element elementor-element-ae0c663 elementor-view-default elementor-widget elementor-widget-icon\" data-id=\"ae0c663\" data-element_type=\"widget\" data-widget_type=\"icon.default\">\n\t\t\t\t<div class=\"elementor-widget-container\">\n\t\t\t\t\t\t\t<div class=\"elementor-icon-wrapper\">\n\t\t\t<div class=\"elementor-icon\">\n\t\t\t<i aria-hidden=\"true\" class=\"seasona-icon- seasona-icon-map-marker-alt\"><\/i>\t\t\t<\/div>\n\t\t<\/div>\n\t\t\t\t\t\t<\/div>\n\t\t\t\t<\/div>\n\t\t\t\t<\/div>\n\t\t<div class=\"elementor-element elementor-element-f0e113b e-con-full e-flex e-con e-child\" data-id=\"f0e113b\" data-element_type=\"container\">\n\t\t\t\t<div class=\"elementor-element elementor-element-0d11e8a elementor-widget elementor-widget-heading\" data-id=\"0d11e8a\" data-element_type=\"widget\" data-widget_type=\"heading.default\">\n\t\t\t\t<div class=\"elementor-widget-container\">\n\t\t\t\t\t<h3 class=\"elementor-heading-title elementor-size-default\">Oficina<\/h3>\t\t\t\t<\/div>\n\t\t\t\t<\/div>\n\t\t\t\t<div class=\"elementor-element elementor-element-4d507d6 elementor-widget elementor-widget-heading\" data-id=\"4d507d6\" data-element_type=\"widget\" data-widget_type=\"heading.default\">\n\t\t\t\t<div class=\"elementor-widget-container\">\n\t\t\t\t\t<h5 class=\"elementor-heading-title elementor-size-default\"><a href=\"tel:+1%20(555)%20123-4567\">Ca. San Mart\u00edn 598\nMiraflores, Lima-Per\u00fa<\/a><\/h5>\t\t\t\t<\/div>\n\t\t\t\t<\/div>\n\t\t\t\t<div class=\"elementor-element elementor-element-bb754df elementor-widget elementor-widget-heading\" data-id=\"bb754df\" data-element_type=\"widget\" data-widget_type=\"heading.default\">\n\t\t\t\t<div class=\"elementor-widget-container\">\n\t\t\t\t\t<h5 class=\"elementor-heading-title elementor-size-default\"><a href=\"#\">Encu\u00e9ntranos  <\/a><\/h5>\t\t\t\t<\/div>\n\t\t\t\t<\/div>\n\t\t\t\t<\/div>\n\t\t\t\t<\/div>\n\t\t\t\t<\/div>\n\t\t<div class=\"elementor-element elementor-element-c2e56f6 e-con-full e-flex e-con e-child\" data-id=\"c2e56f6\" data-element_type=\"container\">\n\t\t\t\t<div class=\"elementor-element elementor-element-e343384 elementor-invisible elementor-widget elementor-widget-image\" data-id=\"e343384\" data-element_type=\"widget\" data-settings=\"{&quot;_animation&quot;:&quot;opal-move-left&quot;}\" data-widget_type=\"image.default\">\n\t\t\t\t<div class=\"elementor-widget-container\">\n\t\t\t\t\t\t\t\t\t\t\t\t\t\t\t<img fetchpriority=\"high\" decoding=\"async\" width=\"645\" height=\"440\" src=\"https:\/\/sanmartinhotel.com\/wp-content\/uploads\/2025\/01\/image-19-1.jpg\" class=\"attachment-full size-full wp-image-7839\" alt=\"\" srcset=\"https:\/\/sanmartinhotel.com\/wp-content\/uploads\/2025\/01\/image-19-1.jpg 645w, https:\/\/sanmartinhotel.com\/wp-content\/uploads\/2025\/01\/image-19-1-300x205.jpg 300w\" sizes=\"(max-width: 645px) 100vw, 645px\" \/>\t\t\t\t\t\t\t\t\t\t\t\t\t\t\t<\/div>\n\t\t\t\t<\/div>\n\t\t\t\t<\/div>\n\t\t\t\t\t<\/div>\n\t\t\t\t<\/div>\n\t\t<div class=\"elementor-element elementor-element-f8bcb1a e-flex e-con-boxed e-con e-parent\" data-id=\"f8bcb1a\" data-element_type=\"container\">\n\t\t\t\t\t<div class=\"e-con-inner\">\n\t\t\t\t<div class=\"elementor-element elementor-element-f621024 elementor-widget elementor-widget-heading\" data-id=\"f621024\" data-element_type=\"widget\" data-widget_type=\"heading.default\">\n\t\t\t\t<div class=\"elementor-widget-container\">\n\t\t\t\t\t<span class=\"elementor-heading-title elementor-size-default\">Accesibilidad<\/span>\t\t\t\t<\/div>\n\t\t\t\t<\/div>\n\t\t\t\t<div class=\"elementor-element elementor-element-c4cb3b9 elementor-widget elementor-widget-heading\" data-id=\"c4cb3b9\" data-element_type=\"widget\" data-widget_type=\"heading.default\">\n\t\t\t\t<div class=\"elementor-widget-container\">\n\t\t\t\t\t<h2 class=\"elementor-heading-title elementor-size-default\">Contacta con nosotros<\/h2>\t\t\t\t<\/div>\n\t\t\t\t<\/div>\n\t\t\t\t<div class=\"elementor-element elementor-element-644ae6a elementor-widget elementor-widget-heading\" data-id=\"644ae6a\" data-element_type=\"widget\" data-widget_type=\"heading.default\">\n\t\t\t\t<div class=\"elementor-widget-container\">\n\t\t\t\t\t<h5 class=\"elementor-heading-title elementor-size-default\">Estamos aqu\u00ed para ayudarte con cualquier consulta.<\/h5>\t\t\t\t<\/div>\n\t\t\t\t<\/div>\n\t\t\t\t\t<\/div>\n\t\t\t\t<\/div>\n\t\t<div class=\"elementor-element elementor-element-5edde1b e-flex e-con-boxed e-con e-parent\" data-id=\"5edde1b\" data-element_type=\"container\">\n\t\t\t\t\t<div class=\"e-con-inner\">\n\t\t<div class=\"elementor-element elementor-element-0508637 e-con-full e-flex e-con e-child\" data-id=\"0508637\" data-element_type=\"container\">\n\t\t\t\t<\/div>\n\t\t<div class=\"elementor-element elementor-element-868931b e-con-full e-flex e-con e-child\" data-id=\"868931b\" data-element_type=\"container\">\n\t\t\t\t<div class=\"elementor-element elementor-element-cbe3942 elementor-button-align-center elementor-mobile-button-align-center elementor-widget elementor-widget-form\" data-id=\"cbe3942\" data-element_type=\"widget\" data-settings=\"{&quot;button_width&quot;:&quot;100&quot;,&quot;step_type&quot;:&quot;number_text&quot;,&quot;step_icon_shape&quot;:&quot;circle&quot;}\" data-widget_type=\"form.default\">\n\t\t\t\t<div class=\"elementor-widget-container\">\n\t\t\t\t\t\t\t<form class=\"elementor-form\" method=\"post\" name=\"Nuevo formulario\">\n\t\t\t<input type=\"hidden\" name=\"post_id\" value=\"8951\"\/>\n\t\t\t<input type=\"hidden\" name=\"form_id\" value=\"cbe3942\"\/>\n\t\t\t<input type=\"hidden\" name=\"referer_title\" value=\"\u00bfNecesitas ayuda? Contacta con Nuestro Hotel Miraflores | Asistencia 24\/7\" \/>\n\n\t\t\t\t\t\t\t<input type=\"hidden\" name=\"queried_id\" value=\"8951\"\/>\n\t\t\t\n\t\t\t<div class=\"elementor-form-fields-wrapper elementor-labels-above\">\n\t\t\t\t\t\t\t\t<div class=\"elementor-field-type-text elementor-field-group elementor-column elementor-field-group-name elementor-col-50 elementor-field-required\">\n\t\t\t\t\t\t\t\t\t\t\t\t\t<input size=\"1\" type=\"text\" name=\"form_fields[name]\" id=\"form-field-name\" class=\"elementor-field elementor-size-xs  elementor-field-textual\" placeholder=\"Nombre\" required=\"required\">\n\t\t\t\t\t\t\t\t\t\t\t<\/div>\n\t\t\t\t\t\t\t\t<div class=\"elementor-field-type-email elementor-field-group elementor-column elementor-field-group-email elementor-col-50 elementor-field-required\">\n\t\t\t\t\t\t\t\t\t\t\t\t\t<input size=\"1\" type=\"email\" name=\"form_fields[email]\" id=\"form-field-email\" class=\"elementor-field elementor-size-xs  elementor-field-textual\" placeholder=\"Env\u00eda un correo electr\u00f3nico a\" required=\"required\">\n\t\t\t\t\t\t\t\t\t\t\t<\/div>\n\t\t\t\t\t\t\t\t<div class=\"elementor-field-type-text elementor-field-group elementor-column elementor-field-group-message elementor-col-50 elementor-field-required\">\n\t\t\t\t\t\t\t\t\t\t\t\t\t<input size=\"1\" type=\"text\" name=\"form_fields[message]\" id=\"form-field-message\" class=\"elementor-field elementor-size-xs  elementor-field-textual\" placeholder=\"N\u00famero de tel\u00e9fono\" required=\"required\">\n\t\t\t\t\t\t\t\t\t\t\t<\/div>\n\t\t\t\t\t\t\t\t<div class=\"elementor-field-type-text elementor-field-group elementor-column elementor-field-group-field_23d1910 elementor-col-50\">\n\t\t\t\t\t\t\t\t\t\t\t\t\t<input size=\"1\" type=\"text\" name=\"form_fields[field_23d1910]\" id=\"form-field-field_23d1910\" class=\"elementor-field elementor-size-xs  elementor-field-textual\" placeholder=\"Asunto\">\n\t\t\t\t\t\t\t\t\t\t\t<\/div>\n\t\t\t\t\t\t\t\t<div class=\"elementor-field-type-textarea elementor-field-group elementor-column elementor-field-group-field_da11366 elementor-col-100\">\n\t\t\t\t\t\t\t\t\t\t\t\t<label for=\"form-field-field_da11366\" class=\"elementor-field-label\">\n\t\t\t\t\t\t\t\tEscribe un mensaje\t\t\t\t\t\t\t<\/label>\n\t\t\t\t\t\t<textarea class=\"elementor-field-textual elementor-field  elementor-size-xs\" name=\"form_fields[field_da11366]\" id=\"form-field-field_da11366\" rows=\"3\"><\/textarea>\t\t\t\t<\/div>\n\t\t\t\t\t\t\t\t<div class=\"elementor-field-type-text\">\n\t\t\t\t\t<input size=\"1\" type=\"text\" name=\"form_fields[field_0566111]\" id=\"form-field-field_0566111\" class=\"elementor-field elementor-size-xs \" style=\"display:none !important;\">\t\t\t\t<\/div>\n\t\t\t\t\t\t\t\t<div class=\"elementor-field-type-recaptcha elementor-field-group elementor-column elementor-field-group-field_bb641ea elementor-col-100\">\n\t\t\t\t\t<div class=\"elementor-field\" id=\"form-field-field_bb641ea\"><div class=\"elementor-g-recaptcha\" data-sitekey=\"6Ledn-UqAAAAAIeMBRFuIgbL4s9ap6HrW60-0YQ8\" data-type=\"v2_checkbox\" data-theme=\"light\" data-size=\"normal\"><\/div><\/div>\t\t\t\t<\/div>\n\t\t\t\t\t\t\t\t<div class=\"elementor-field-group elementor-column elementor-field-type-submit elementor-col-100 e-form__buttons\">\n\t\t\t\t\t<button class=\"elementor-button elementor-size-sm\" type=\"submit\">\n\t\t\t\t\t\t<span class=\"elementor-button-content-wrapper\">\n\t\t\t\t\t\t\t\t\t\t\t\t\t\t\t\t\t\t\t\t\t\t<span class=\"elementor-button-text\">enviar un mensaje<\/span>\n\t\t\t\t\t\t\t\t\t\t\t\t\t<\/span>\n\t\t\t\t\t<\/button>\n\t\t\t\t<\/div>\n\t\t\t<\/div>\n\t\t<\/form>\n\t\t\t\t\t\t<\/div>\n\t\t\t\t<\/div>\n\t\t\t\t<\/div>\n\t\t<div class=\"elementor-element elementor-element-5dbe3db e-con-full e-flex e-con e-child\" data-id=\"5dbe3db\" data-element_type=\"container\">\n\t\t\t\t<\/div>\n\t\t\t\t\t<\/div>\n\t\t\t\t<\/div>\n\t\t\t\t<\/div>\n\t\t","protected":false},"excerpt":{"rendered":"<p>Conecta Ponte en contacto Estamos aqu\u00ed para ayudarte con cualquier consulta. Env\u00eda un correo electr\u00f3nico a Ponte en contacto con nosotros en cualquier momento por correo electr\u00f3nico. antonio@sanmartinaparthotel.com.pe Tel\u00e9fono Ll\u00e1manos para obtener ayuda inmediata. (01) 242-0500 +51 924 390 647 Oficina Ca. San Mart\u00edn 598 Miraflores, Lima-Per\u00fa Encu\u00e9ntranos Accesibilidad Contacta con nosotros Estamos aqu\u00ed para [&hellip;]<\/p>\n","protected":false},"author":1,"featured_media":8837,"parent":0,"menu_order":0,"comment_status":"closed","ping_status":"closed","template":"template-homepage.php","meta":{"_joinchat":[],"footnotes":""},"class_list":["post-8951","page","type-page","status-publish","has-post-thumbnail","hentry"],"_links":{"self":[{"href":"https:\/\/sanmartinhotel.com\/es\/wp-json\/wp\/v2\/pages\/8951","targetHints":{"allow":["GET"]}}],"collection":[{"href":"https:\/\/sanmartinhotel.com\/es\/wp-json\/wp\/v2\/pages"}],"about":[{"href":"https:\/\/sanmartinhotel.com\/es\/wp-json\/wp\/v2\/types\/page"}],"author":[{"embeddable":true,"href":"https:\/\/sanmartinhotel.com\/es\/wp-json\/wp\/v2\/users\/1"}],"replies":[{"embeddable":true,"href":"https:\/\/sanmartinhotel.com\/es\/wp-json\/wp\/v2\/comments?post=8951"}],"version-history":[{"count":17,"href":"https:\/\/sanmartinhotel.com\/es\/wp-json\/wp\/v2\/pages\/8951\/revisions"}],"predecessor-version":[{"id":10044,"href":"https:\/\/sanmartinhotel.com\/es\/wp-json\/wp\/v2\/pages\/8951\/revisions\/10044"}],"wp:featuredmedia":[{"embeddable":true,"href":"https:\/\/sanmartinhotel.com\/es\/wp-json\/wp\/v2\/media\/8837"}],"wp:attachment":[{"href":"https:\/\/sanmartinhotel.com\/es\/wp-json\/wp\/v2\/media?parent=8951"}],"curies":[{"name":"wp","href":"https:\/\/api.w.org\/{rel}","templated":true}]}}